{"id":3467,"date":"2022-04-28T14:36:36","date_gmt":"2022-04-28T12:36:36","guid":{"rendered":"https:\/\/plbgroup.be\/over-ons\/"},"modified":"2023-08-30T17:18:09","modified_gmt":"2023-08-30T15:18:09","slug":"o-nas","status":"publish","type":"page","link":"https:\/\/plbgroup.be\/pl\/o-nas\/","title":{"rendered":"O nas"},"content":{"rendered":"\t\t<div data-elementor-type=\"wp-page\" data-elementor-id=\"3467\" class=\"elementor elementor-3467 elementor-1724\" data-elementor-post-type=\"page\">\n\t\t\t\t\t\t\t\t\t<section class=\"elementor-section elementor-top-section elementor-element elementor-element-603aa9d elementor-section-boxed elementor-section-height-default elementor-section-height-default\" data-id=\"603aa9d\" data-element_type=\"section\" data-settings=\"{&quot;background_background&quot;:&quot;classic&quot;}\">\n\t\t\t\t\t\t<div class=\"elementor-container elementor-column-gap-default\">\n\t\t\t\t\t<div class=\"elementor-column elementor-col-100 elementor-top-column elementor-element elementor-element-32775ec\" data-id=\"32775ec\" data-element_type=\"column\">\n\t\t\t<div class=\"elementor-widget-wrap elementor-element-populated\">\n\t\t\t\t\t\t\t\t\t<\/div>\n\t\t<\/div>\n\t\t\t\t\t\t\t<\/div>\n\t\t<\/section>\n\t\t\t\t<section class=\"elementor-section elementor-top-section elementor-element elementor-element-5109858c elementor-section-boxed elementor-section-height-default elementor-section-height-default\" data-id=\"5109858c\" data-element_type=\"section\" data-settings=\"{&quot;background_background&quot;:&quot;classic&quot;}\">\n\t\t\t\t\t\t<div class=\"elementor-container elementor-column-gap-default\">\n\t\t\t\t\t<div class=\"elementor-column elementor-col-100 elementor-top-column elementor-element elementor-element-09a5563\" data-id=\"09a5563\" data-element_type=\"column\">\n\t\t\t<div class=\"elementor-widget-wrap elementor-element-populated\">\n\t\t\t\t\t\t\t\t<div class=\"elementor-element elementor-element-e6cc863 elementor-widget elementor-widget-heading\" data-id=\"e6cc863\" data-element_type=\"widget\" data-widget_type=\"heading.default\">\n\t\t\t\t<div class=\"elementor-widget-container\">\n\t\t\t<style>\/*! elementor - v3.15.0 - 20-08-2023 *\/\n.elementor-heading-title{padding:0;margin:0;line-height:1}.elementor-widget-heading .elementor-heading-title[class*=elementor-size-]>a{color:inherit;font-size:inherit;line-height:inherit}.elementor-widget-heading .elementor-heading-title.elementor-size-small{font-size:15px}.elementor-widget-heading .elementor-heading-title.elementor-size-medium{font-size:19px}.elementor-widget-heading .elementor-heading-title.elementor-size-large{font-size:29px}.elementor-widget-heading .elementor-heading-title.elementor-size-xl{font-size:39px}.elementor-widget-heading .elementor-heading-title.elementor-size-xxl{font-size:59px}<\/style><h5 class=\"elementor-heading-title elementor-size-default\">Jeste\u015bmy firm\u0105 w kt\u00f3rej zawsze masz bezpo\u015bredni kontakt z w\u0142a\u015bcicielami.<\/h5>\t\t<\/div>\n\t\t\t\t<\/div>\n\t\t\t\t<div class=\"elementor-element elementor-element-13ad356 elementor-widget elementor-widget-text-editor\" data-id=\"13ad356\" data-element_type=\"widget\" data-widget_type=\"text-editor.default\">\n\t\t\t\t<div class=\"elementor-widget-container\">\n\t\t\t<style>\/*! elementor - v3.15.0 - 20-08-2023 *\/\n.elementor-widget-text-editor.elementor-drop-cap-view-stacked .elementor-drop-cap{background-color:#69727d;color:#fff}.elementor-widget-text-editor.elementor-drop-cap-view-framed .elementor-drop-cap{color:#69727d;border:3px solid;background-color:transparent}.elementor-widget-text-editor:not(.elementor-drop-cap-view-default) .elementor-drop-cap{margin-top:8px}.elementor-widget-text-editor:not(.elementor-drop-cap-view-default) .elementor-drop-cap-letter{width:1em;height:1em}.elementor-widget-text-editor .elementor-drop-cap{float:left;text-align:center;line-height:1;font-size:50px}.elementor-widget-text-editor .elementor-drop-cap-letter{display:inline-block}<\/style>\t\t\t\t<p>Poniewa\u017c mamy 2 oddzia\u0142y, a mianowicie w Belgii i Polsce, mamy dobry przegl\u0105d przeci\u0119tnego europejskiego handlu. Dzi\u0119ki temu zawsze mo\u017cemy zagwarantowa\u0107 najlepsze ceny.&nbsp;<br><\/p>\n<p><b>Masz na sprzeda\u017c maszyn\u0119 rolnicz\u0105 i\/lub maszyn\u0119 budowlan\u0105?<br><\/b><span style=\"font-style: inherit; background-color: var( --e-global-color-text ); color: var(--ast-global-color-6);\"><b>Szukasz maszyny budowlanej, ci\u0105gnika lub sprz\u0119t rolniczy?<br><\/b><\/span><span style=\"background-color: var( --e-global-color-text ); font-style: inherit; font-weight: inherit; color: var(--ast-global-color-6);\">W takim razie zawsze mo\u017cesz si\u0119 z nami skontaktowa\u0107.<\/span><\/p>\n<p>Zapraszamy do dalszego przegl\u0105dania naszej strony internetowej za pomoc\u0105 r\u00f3\u017cnych zak\u0142adek i nie wahaj si\u0119 z nami skontaktowa\u0107, je\u015bli masz jakiekolwiek pytania.<\/p>\n<p>Pozdrawiamy,<br><span style=\"font-style: inherit; font-weight: inherit; background-color: var( --e-global-color-text ); color: var(--ast-global-color-6);\">Szymon i Liza Parkitny<br><\/span><span style=\"background-color: var( --e-global-color-text ); color: var(--ast-global-color-6); font-style: inherit; font-weight: inherit;\">w\u0142a\u015bciciele<\/span><\/p>\t\t\t\t\t\t<\/div>\n\t\t\t\t<\/div>\n\t\t\t\t\t<\/div>\n\t\t<\/div>\n\t\t\t\t\t\t\t<\/div>\n\t\t<\/section>\n\t\t\t\t\t\t\t<\/div>\n\t\t","protected":false},"excerpt":{"rendered":"<p>Jeste\u015bmy firm\u0105 w kt\u00f3rej zawsze masz bezpo\u015bredni kontakt z w\u0142a\u015bcicielami. Poniewa\u017c mamy 2 oddzia\u0142y, a mianowicie w Belgii i Polsce, mamy dobry przegl\u0105d przeci\u0119tnego europejskiego handlu. Dzi\u0119ki temu zawsze mo\u017cemy zagwarantowa\u0107 najlepsze ceny.&nbsp; Masz na sprzeda\u017c maszyn\u0119 rolnicz\u0105 i\/lub maszyn\u0119 budowlan\u0105?Szukasz maszyny budowlanej, ci\u0105gnika lub sprz\u0119t rolniczy?W takim razie zawsze mo\u017cesz si\u0119 z nami skontaktowa\u0107. &hellip;<\/p>\n<p class=\"read-more\"> <a class=\"\" href=\"https:\/\/plbgroup.be\/pl\/o-nas\/\"> <span class=\"screen-reader-text\">O nas<\/span> Read More \u00bb<\/a><\/p>\n","protected":false},"author":1,"featured_media":0,"parent":0,"menu_order":0,"comment_status":"closed","ping_status":"closed","template":"","meta":{"_seopress_robots_primary_cat":"","site-sidebar-layout":"no-sidebar","site-content-layout":"page-builder","ast-site-content-layout":"","site-content-style":"default","site-sidebar-style":"default","ast-global-header-display":"","ast-banner-title-visibility":"","ast-main-header-display":"","ast-hfb-above-header-display":"","ast-hfb-below-header-display":"","ast-hfb-mobile-header-display":"","site-post-title":"disabled","ast-breadcrumbs-content":"","ast-featured-img":"disabled","footer-sml-layout":"","theme-transparent-header-meta":"default","adv-header-id-meta":"","stick-header-meta":"default","header-above-stick-meta":"","header-main-stick-meta":"","header-below-stick-meta":"","astra-migrate-meta-layouts":"","footnotes":""},"class_list":["post-3467","page","type-page","status-publish","hentry"],"acf":[],"_links":{"self":[{"href":"https:\/\/plbgroup.be\/pl\/wp-json\/wp\/v2\/pages\/3467","targetHints":{"allow":["GET"]}}],"collection":[{"href":"https:\/\/plbgroup.be\/pl\/wp-json\/wp\/v2\/pages"}],"about":[{"href":"https:\/\/plbgroup.be\/pl\/wp-json\/wp\/v2\/types\/page"}],"author":[{"embeddable":true,"href":"https:\/\/plbgroup.be\/pl\/wp-json\/wp\/v2\/users\/1"}],"replies":[{"embeddable":true,"href":"https:\/\/plbgroup.be\/pl\/wp-json\/wp\/v2\/comments?post=3467"}],"version-history":[{"count":4,"href":"https:\/\/plbgroup.be\/pl\/wp-json\/wp\/v2\/pages\/3467\/revisions"}],"predecessor-version":[{"id":3582,"href":"https:\/\/plbgroup.be\/pl\/wp-json\/wp\/v2\/pages\/3467\/revisions\/3582"}],"wp:attachment":[{"href":"https:\/\/plbgroup.be\/pl\/wp-json\/wp\/v2\/media?parent=3467"}],"curies":[{"name":"wp","href":"https:\/\/api.w.org\/{rel}","templated":true}]}}